{"id":101,"date":"2014-08-15T12:07:02","date_gmt":"2014-08-15T11:07:02","guid":{"rendered":"http:\/\/www.auputeret.ch\/?page_id=101"},"modified":"2016-11-19T13:29:34","modified_gmt":"2016-11-19T12:29:34","slug":"unabhangigkeit","status":"publish","type":"page","link":"http:\/\/www.auputeret.ch\/?page_id=101","title":{"rendered":"Unabh\u00e4ngigkeit"},"content":{"rendered":"<p>Trinkwasser: Der Hof wird von einer Quelle (200m vom Hof entfernt) gespeist. Ein Reservoir welches 90\u2018000 Liter fasst erm\u00f6glicht das \u00dcberbr\u00fccken von Trockenperioden.<\/p>\n<p>Abwasser: Eine Kl\u00e4rgrube reinigt das Abwasser.<\/p>\n<p>Heizung: Holzzentralheizung mit St\u00fcckholzfeuerung.<\/p>\n<p>Warmwasser: 20 m2 Sonnenkollektoren produzieren unser warmes Wasser im Sommer, im Winter hilft bei Bedarf die Holzheizung nach.<\/p>\n<p>Elektrizit\u00e4t: 210 m2 Photovoltaikkollektoren produzieren gen\u00fcgend Strom f\u00fcr 12 durchschnittliche Haushalte. Der Solarstrom dient auch dazu den Akku unseres Elektroautos Twizy aufzuladen. Wenn sie die erneuerbaren Energien f\u00f6rdern wollen, k\u00f6nnen sie auf <a href=\"http:\/\/www.manegedusoleil.ch\">www.manegedusoleil.ch<\/a> eine Patenschaft f\u00fcr unsere grosse pv-anlage in Derri\u00e8re-Pertuis \u00fcbernehmen.<\/p>\n<p>Nebst dem Stromnetz, welches Produktion und Verbrauch ausgleicht und dem Telefonnetz sind wir v\u00f6llig unabh\u00e4ngig.<\/p>\n<p>&nbsp;<\/p>\n<h2>Fotoalben<\/h2>\n<p>&nbsp;<\/p>\n<div class=\"rgg-container\" data-rgg-id=\"2\">    <div class=\"rgg-imagegrid captions-title captions-effect-none \" data-rgg-id=\"2\">\n                    <a href=\"http:\/\/www.auputeret.ch\/?page_id=341\" data-rel=\"rgg\" rel=\"rgg\" title=\"\" class=\"rgg-disabled size-medium rgg-img no-lightbox\" data-src=\"http:\/\/www.auputeret.ch\/wp-content\/uploads\/2014\/08\/P1000901-1-300x300.jpg\" data-ratio=\"1\" data-height=\"300\" data-width=\"300\" aria-label=\"\" target=\"_self\">\n                            <\/a>\n                    <a href=\"http:\/\/www.auputeret.ch\/?page_id=343\" data-rel=\"rgg\" rel=\"rgg\" title=\"\" class=\"rgg-disabled size-medium rgg-img no-lightbox\" data-src=\"http:\/\/www.auputeret.ch\/wp-content\/uploads\/2014\/08\/DSCN1885-1-300x300.jpg\" data-ratio=\"1\" data-height=\"300\" data-width=\"300\" aria-label=\"\" target=\"_self\">\n                            <\/a>\n                    <a href=\"http:\/\/www.auputeret.ch\/?page_id=339\" data-rel=\"rgg\" rel=\"rgg\" title=\"\" class=\"rgg-disabled size-medium rgg-img no-lightbox\" data-src=\"http:\/\/www.auputeret.ch\/wp-content\/uploads\/2014\/08\/DSCN1617-1-300x300.jpg\" data-ratio=\"1\" data-height=\"300\" data-width=\"300\" aria-label=\"\" target=\"_self\">\n                            <\/a>\n            <\/div>\n<\/div>\n","protected":false},"excerpt":{"rendered":"<p>Trinkwasser: Der Hof wird von einer Quelle (200m vom Hof entfernt) gespeist. Ein Reservoir welches [&hellip;]<\/p>\n","protected":false},"author":1,"featured_media":0,"parent":0,"menu_order":0,"comment_status":"open","ping_status":"open","template":"","meta":{"footnotes":""},"class_list":["post-101","page","type-page","status-publish","hentry"],"_links":{"self":[{"href":"http:\/\/www.auputeret.ch\/index.php?rest_route=\/wp\/v2\/pages\/101","targetHints":{"allow":["GET"]}}],"collection":[{"href":"http:\/\/www.auputeret.ch\/index.php?rest_route=\/wp\/v2\/pages"}],"about":[{"href":"http:\/\/www.auputeret.ch\/index.php?rest_route=\/wp\/v2\/types\/page"}],"author":[{"embeddable":true,"href":"http:\/\/www.auputeret.ch\/index.php?rest_route=\/wp\/v2\/users\/1"}],"replies":[{"embeddable":true,"href":"http:\/\/www.auputeret.ch\/index.php?rest_route=%2Fwp%2Fv2%2Fcomments&post=101"}],"version-history":[{"count":5,"href":"http:\/\/www.auputeret.ch\/index.php?rest_route=\/wp\/v2\/pages\/101\/revisions"}],"predecessor-version":[{"id":507,"href":"http:\/\/www.auputeret.ch\/index.php?rest_route=\/wp\/v2\/pages\/101\/revisions\/507"}],"wp:attachment":[{"href":"http:\/\/www.auputeret.ch\/index.php?rest_route=%2Fwp%2Fv2%2Fmedia&parent=101"}],"curies":[{"name":"wp","href":"https:\/\/api.w.org\/{rel}","templated":true}]}}