{"id":129,"date":"2014-08-15T13:29:51","date_gmt":"2014-08-15T12:29:51","guid":{"rendered":"http:\/\/www.auputeret.ch\/?page_id=129"},"modified":"2020-11-03T16:17:59","modified_gmt":"2020-11-03T15:17:59","slug":"bienvenues-au-puteret","status":"publish","type":"page","link":"http:\/\/www.auputeret.ch\/?page_id=129","title":{"rendered":"Bienvenu\/e\/s au Puteret"},"content":{"rendered":"<!-- Final Tiles Grid Gallery for WordPress v3.6.13 free --><style>#ftg-99 .tile .icon { color:#ffffff; }#ftg-99 .ftg-items .loading-bar i { background:#666; }#ftg-99 .ftg-items .loading-bar { background:#fff; }#ftg-99 .tile .icon { font-size:12px; }#ftg-99 .tile .icon { margin: -6px 0 0 -6px; }#ftg-99 .tile .caption-block .text-wrapper span.text { font-size:12px; }#ftg-99 .tile .caption-outside .text-wrapper span.text { font-size:12px; }#ftg-99 .tile .caption-block .text-wrapper span.title { font-size:14px; }#ftg-99 .tile .caption-outside .text-wrapper span.title { font-size:14px; }#ftg-99 .tile { background-color: transparent; }#ftg-99 .tile .caption-block .text-wrapper span.text { color: #ffffff; }#ftg-99 .tile .caption-block .text-wrapper span.title { color: #ffffff; }#ftg-99 .tile .caption-outside .text-wrapper span.text { color: #ffffff; }#ftg-99 .tile .caption-outside .text-wrapper span.title { color: #ffffff; }#ftg-99 .tile .ftg-social a { color: #ffffff; }#ftg-99 .tile .caption-block { transition-timing-function:ease; }#ftg-99 .tile .caption-block { transition-duration:0.25s; }#ftg-99 .tile .tile-inner:before { background-color: #ffffff; }#ftg-99 .tile .tile-inner:before { background-color: rgba(255, 255, 255, 0); }#ftg-99 .tile:hover img {-moz-transform: ;-webkit-transform: ;-o-transform: ;-ms-transform: ;transform: ;}<\/style><a name=\"9\"><\/a><div class=\"final-tiles-gallery  ftg-hover-enabled caption-inside  caption-none caption-middle caption-center\" id=\"ftg-99\" style=\"width: \"><div class='ftg-items'><div class='loading-bar'><i><\/i><\/div><div  class='tile ftg-preload  '><a data-title=\"\"  rel='ftg-99'  class=' tile-inner  ftg-lightbox'  ><img alt='' class='item skip-lazy' data-class='item' data-ftg-source='http:\/\/www.auputeret.ch\/wp-content\/uploads\/2014\/08\/DSC_0173-1024x628.jpg' src='http:\/\/www.auputeret.ch\/wp-content\/uploads\/2014\/08\/DSC_0173-1024x628.jpg' width='930' height='570' \/><\/a><div class='ftg-social'><\/div><\/div><\/div><\/div>\n<h3><\/h3>\n<h3>Notre exploitation=<\/h3>\n<p>Stefanie B\u00f6gli et Christian Weber.<\/p>\n<p>1 Fiat, 1 H\u00fcrlimann, 1 Sherpa.<\/p>\n<p>35 ch\u00e8vres boer, 1 bouc boer, 60 chevreaux boer.<\/p>\n<p>1 chauffage central \u00e0 bois, 20 m2 de collecteurs \u00e0 eau chaude, 480 m2 de panneaux photovolta\u00efques.<\/p>\n<p>1 Saari, 2 chats de ferme, beaucoup de campagnols.<\/p>\n<p>1 motofaucheuse AEBI, 1 Ampera E, 1 faux \u00e0 buissons.<\/p>\n<p>Plusieurs tas de compost, 15 fourches \u00e0 fumier.<\/p>\n<p>1 projet \u00e9olien en difficult\u00e9.<\/p>\n<p>1\/2 installation photovolta\u00efque 200 kW sur toiture lou\u00e9e.<\/p>\n<p>9 ha de terres (for\u00eat, pr\u00e9s, p\u00e2turage et haies).<\/p>\n","protected":false},"excerpt":{"rendered":"<p>Notre exploitation= Stefanie B\u00f6gli et Christian Weber. 1 Fiat, 1 H\u00fcrlimann, 1 Sherpa. 35 ch\u00e8vres [&hellip;]<\/p>\n","protected":false},"author":1,"featured_media":0,"parent":0,"menu_order":0,"comment_status":"open","ping_status":"open","template":"","meta":{"footnotes":""},"class_list":["post-129","page","type-page","status-publish","hentry"],"_links":{"self":[{"href":"http:\/\/www.auputeret.ch\/index.php?rest_route=\/wp\/v2\/pages\/129","targetHints":{"allow":["GET"]}}],"collection":[{"href":"http:\/\/www.auputeret.ch\/index.php?rest_route=\/wp\/v2\/pages"}],"about":[{"href":"http:\/\/www.auputeret.ch\/index.php?rest_route=\/wp\/v2\/types\/page"}],"author":[{"embeddable":true,"href":"http:\/\/www.auputeret.ch\/index.php?rest_route=\/wp\/v2\/users\/1"}],"replies":[{"embeddable":true,"href":"http:\/\/www.auputeret.ch\/index.php?rest_route=%2Fwp%2Fv2%2Fcomments&post=129"}],"version-history":[{"count":14,"href":"http:\/\/www.auputeret.ch\/index.php?rest_route=\/wp\/v2\/pages\/129\/revisions"}],"predecessor-version":[{"id":684,"href":"http:\/\/www.auputeret.ch\/index.php?rest_route=\/wp\/v2\/pages\/129\/revisions\/684"}],"wp:attachment":[{"href":"http:\/\/www.auputeret.ch\/index.php?rest_route=%2Fwp%2Fv2%2Fmedia&parent=129"}],"curies":[{"name":"wp","href":"https:\/\/api.w.org\/{rel}","templated":true}]}}