{"id":137,"date":"2014-08-15T13:32:56","date_gmt":"2014-08-15T12:32:56","guid":{"rendered":"http:\/\/www.auputeret.ch\/?page_id=137"},"modified":"2020-11-03T14:01:38","modified_gmt":"2020-11-03T13:01:38","slug":"compostage","status":"publish","type":"page","link":"http:\/\/www.auputeret.ch\/?page_id=137","title":{"rendered":"Entreprise photovolta\u00efque"},"content":{"rendered":"<h4><strong>Installations photovolta\u00efques<br \/>\n<\/strong><\/h4>\n<p>Apr\u00e8s avoir fait ses propres installations photovolta\u00efques \u00e0 la ferme et sur le man\u00e8ge de Derri\u00e8re-Pertuis, Christian avait envie d&rsquo;approfondir ses connaissances et de faire de sa passion une partie de ses activit\u00e9s professionelles.<\/p>\n<p>Apr\u00e8s avoir suivi une formation de solarteur (installateur+solaire) \u00e0 Berne, il r\u00e9alise ses premiers projets photovolta\u00efques dans le canton de Neuch\u00e2tel et \u00e0 Bienne en 2019.<\/p>\n<p>Convaincu par les avantages des batteries en Lithium-Ion, il s&rsquo;est sp\u00e9cialis\u00e9 dans des installations pratiquement ind\u00e9pendantes du r\u00e9seau avec un taux d&rsquo;autoapprovisionnement \u00e9lev\u00e9, atteignant 95%.<\/p>\n<!-- Final Tiles Grid Gallery for WordPress v3.6.13 free --><style>#ftg-1515 .tile .icon { color:#ffffff; }#ftg-1515 .ftg-items .loading-bar i { background:#666; }#ftg-1515 .ftg-items .loading-bar { background:#fff; }#ftg-1515 .tile .icon { font-size:12px; }#ftg-1515 .tile .icon { margin: -6px 0 0 -6px; }#ftg-1515 .tile .caption-block .text-wrapper span.text { font-size:15px; }#ftg-1515 .tile .caption-outside .text-wrapper span.text { font-size:15px; }#ftg-1515 .tile .caption-block .text-wrapper span.title { font-size:14px; }#ftg-1515 .tile .caption-outside .text-wrapper span.title { font-size:14px; }#ftg-1515 .tile { background-color: transparent; }#ftg-1515 .tile .caption-block .text-wrapper span.text { color: #ffffff; }#ftg-1515 .tile .caption-block .text-wrapper span.title { color: #ffffff; }#ftg-1515 .tile .caption-outside .text-wrapper span.text { color: #ffffff; }#ftg-1515 .tile .caption-outside .text-wrapper span.title { color: #ffffff; }#ftg-1515 .tile .ftg-social a { color: #ffffff; }#ftg-1515 .tile .caption-block { transition-timing-function:ease; }#ftg-1515 .tile .caption-block { transition-duration:0.25s; }#ftg-1515 .tile .tile-inner:before { background-color: #000000; }#ftg-1515 .tile .tile-inner:before { background-color: rgba(0, 0, 0, 0.8); }#ftg-1515 .tile:hover img {-moz-transform: ;-webkit-transform: ;-o-transform: ;-ms-transform: ;transform: ;}<\/style><a name=\"15\"><\/a><div class=\"final-tiles-gallery  ftg-hover-enabled caption-inside  caption-none caption-middle caption-center\" id=\"ftg-1515\" style=\"width: 100%\"><div class='ftg-items'><div class='loading-bar'><i><\/i><\/div><div  class='tile ftg-preload  '><a title=\"P1060207\" data-lightbox='ftg-1515' rel='ftg-1515'  class=' tile-inner  ftg-lightbox' href='http:\/\/www.auputeret.ch\/wp-content\/uploads\/2020\/10\/P1060207-scaled.jpg' ><img alt='P1060207' class='item skip-lazy' data-class='item' data-ftg-source='http:\/\/www.auputeret.ch\/wp-content\/uploads\/2020\/10\/P1060207-scaled.jpg' src='http:\/\/www.auputeret.ch\/wp-content\/uploads\/2020\/10\/P1060207-scaled.jpg' width='2560' height='1920' \/><div class='caption-block'><div class='text-wrapper'><span class='title'>P1060207<\/span><\/div><\/div><\/a><div class='ftg-social'><\/div><\/div><div  class='tile ftg-preload  '><a title=\"IMG_1050\" data-lightbox='ftg-1515' rel='ftg-1515'  class=' tile-inner  ftg-lightbox' href='http:\/\/www.auputeret.ch\/wp-content\/uploads\/2020\/10\/IMG_1050-scaled.jpg' ><img alt='IMG_1050' class='item skip-lazy' data-class='item' data-ftg-source='http:\/\/www.auputeret.ch\/wp-content\/uploads\/2020\/10\/IMG_1050-scaled.jpg' src='http:\/\/www.auputeret.ch\/wp-content\/uploads\/2020\/10\/IMG_1050-scaled.jpg' width='1920' height='2560' \/><div class='caption-block'><div class='text-wrapper'><span class='title'>IMG_1050<\/span><\/div><\/div><\/a><div class='ftg-social'><\/div><\/div><div  class='tile ftg-preload  '><a title=\"P1060372\" data-lightbox='ftg-1515' rel='ftg-1515'  class=' tile-inner  ftg-lightbox' href='http:\/\/www.auputeret.ch\/wp-content\/uploads\/2020\/10\/P1060372-scaled.jpg' ><img alt='P1060372' class='item skip-lazy' data-class='item' data-ftg-source='http:\/\/www.auputeret.ch\/wp-content\/uploads\/2020\/10\/P1060372-scaled.jpg' src='http:\/\/www.auputeret.ch\/wp-content\/uploads\/2020\/10\/P1060372-scaled.jpg' width='2560' height='1920' \/><div class='caption-block'><div class='text-wrapper'><span class='title'>P1060372<\/span><\/div><\/div><\/a><div class='ftg-social'><\/div><\/div><div  class='tile ftg-preload  '><a title=\"P1060447\" data-lightbox='ftg-1515' rel='ftg-1515'  class=' tile-inner  ftg-lightbox' href='http:\/\/www.auputeret.ch\/wp-content\/uploads\/2020\/10\/P1060447-scaled.jpg' ><img alt='P1060447' class='item skip-lazy' data-class='item' data-ftg-source='http:\/\/www.auputeret.ch\/wp-content\/uploads\/2020\/10\/P1060447-scaled.jpg' src='http:\/\/www.auputeret.ch\/wp-content\/uploads\/2020\/10\/P1060447-scaled.jpg' width='1920' height='2560' \/><div class='caption-block'><div class='text-wrapper'><span class='title'>P1060447<\/span><\/div><\/div><\/a><div class='ftg-social'><\/div><\/div><div  class='tile ftg-preload  '><a title=\"IMG_0971\" data-lightbox='ftg-1515' rel='ftg-1515'  class=' tile-inner  ftg-lightbox' href='http:\/\/www.auputeret.ch\/wp-content\/uploads\/2020\/10\/IMG_0971-scaled.jpg' ><img alt='IMG_0971' class='item skip-lazy' data-class='item' data-ftg-source='http:\/\/www.auputeret.ch\/wp-content\/uploads\/2020\/10\/IMG_0971-scaled.jpg' src='http:\/\/www.auputeret.ch\/wp-content\/uploads\/2020\/10\/IMG_0971-scaled.jpg' width='1920' height='2560' \/><div class='caption-block'><div class='text-wrapper'><span class='title'>IMG_0971<\/span><\/div><\/div><\/a><div class='ftg-social'><\/div><\/div><div  class='tile ftg-preload  '><a title=\"P1060449\" data-lightbox='ftg-1515' rel='ftg-1515'  class=' tile-inner  ftg-lightbox' href='http:\/\/www.auputeret.ch\/wp-content\/uploads\/2020\/10\/P1060449-scaled.jpg' ><img alt='P1060449' class='item skip-lazy' data-class='item' data-ftg-source='http:\/\/www.auputeret.ch\/wp-content\/uploads\/2020\/10\/P1060449-scaled.jpg' src='http:\/\/www.auputeret.ch\/wp-content\/uploads\/2020\/10\/P1060449-scaled.jpg' width='2560' height='1920' \/><div class='caption-block'><div class='text-wrapper'><span class='title'>P1060449<\/span><\/div><\/div><\/a><div class='ftg-social'><\/div><\/div><div  class='tile ftg-preload  '><a title=\"IMG_0943\" data-lightbox='ftg-1515' rel='ftg-1515'  class=' tile-inner  ftg-lightbox' href='http:\/\/www.auputeret.ch\/wp-content\/uploads\/2020\/10\/IMG_0943-scaled.jpg' ><img alt='IMG_0943' class='item skip-lazy' data-class='item' data-ftg-source='http:\/\/www.auputeret.ch\/wp-content\/uploads\/2020\/10\/IMG_0943-scaled.jpg' src='http:\/\/www.auputeret.ch\/wp-content\/uploads\/2020\/10\/IMG_0943-scaled.jpg' width='2560' height='1920' \/><div class='caption-block'><div class='text-wrapper'><span class='title'>IMG_0943<\/span><\/div><\/div><\/a><div class='ftg-social'><\/div><\/div><div  class='tile ftg-preload  '><a title=\"P1060465\" data-lightbox='ftg-1515' rel='ftg-1515'  class=' tile-inner  ftg-lightbox' href='http:\/\/www.auputeret.ch\/wp-content\/uploads\/2020\/10\/P1060465-1-scaled.jpg' ><img alt='P1060465' class='item skip-lazy' data-class='item' data-ftg-source='http:\/\/www.auputeret.ch\/wp-content\/uploads\/2020\/10\/P1060465-1-scaled.jpg' src='http:\/\/www.auputeret.ch\/wp-content\/uploads\/2020\/10\/P1060465-1-scaled.jpg' width='2560' height='1920' \/><div class='caption-block'><div class='text-wrapper'><span class='title'>P1060465<\/span><\/div><\/div><\/a><div class='ftg-social'><\/div><\/div><div  class='tile ftg-preload  '><a title=\"P1060475\" data-lightbox='ftg-1515' rel='ftg-1515'  class=' tile-inner  ftg-lightbox' href='http:\/\/www.auputeret.ch\/wp-content\/uploads\/2020\/10\/P1060475-scaled.jpg' ><img alt='P1060475' class='item skip-lazy' data-class='item' data-ftg-source='http:\/\/www.auputeret.ch\/wp-content\/uploads\/2020\/10\/P1060475-scaled.jpg' src='http:\/\/www.auputeret.ch\/wp-content\/uploads\/2020\/10\/P1060475-scaled.jpg' width='1920' height='2560' \/><div class='caption-block'><div class='text-wrapper'><span class='title'>P1060475<\/span><\/div><\/div><\/a><div class='ftg-social'><\/div><\/div><\/div><\/div>\n","protected":false},"excerpt":{"rendered":"<p>Installations photovolta\u00efques Apr\u00e8s avoir fait ses propres installations photovolta\u00efques \u00e0 la ferme et sur le [&hellip;]<\/p>\n","protected":false},"author":1,"featured_media":0,"parent":0,"menu_order":0,"comment_status":"open","ping_status":"open","template":"","meta":{"footnotes":""},"class_list":["post-137","page","type-page","status-publish","hentry"],"_links":{"self":[{"href":"http:\/\/www.auputeret.ch\/index.php?rest_route=\/wp\/v2\/pages\/137","targetHints":{"allow":["GET"]}}],"collection":[{"href":"http:\/\/www.auputeret.ch\/index.php?rest_route=\/wp\/v2\/pages"}],"about":[{"href":"http:\/\/www.auputeret.ch\/index.php?rest_route=\/wp\/v2\/types\/page"}],"author":[{"embeddable":true,"href":"http:\/\/www.auputeret.ch\/index.php?rest_route=\/wp\/v2\/users\/1"}],"replies":[{"embeddable":true,"href":"http:\/\/www.auputeret.ch\/index.php?rest_route=%2Fwp%2Fv2%2Fcomments&post=137"}],"version-history":[{"count":9,"href":"http:\/\/www.auputeret.ch\/index.php?rest_route=\/wp\/v2\/pages\/137\/revisions"}],"predecessor-version":[{"id":664,"href":"http:\/\/www.auputeret.ch\/index.php?rest_route=\/wp\/v2\/pages\/137\/revisions\/664"}],"wp:attachment":[{"href":"http:\/\/www.auputeret.ch\/index.php?rest_route=%2Fwp%2Fv2%2Fmedia&parent=137"}],"curies":[{"name":"wp","href":"https:\/\/api.w.org\/{rel}","templated":true}]}}