{"id":141,"date":"2014-08-15T13:33:53","date_gmt":"2014-08-15T12:33:53","guid":{"rendered":"http:\/\/www.auputeret.ch\/?page_id=141"},"modified":"2020-10-23T14:39:30","modified_gmt":"2020-10-23T12:39:30","slug":"autonomie","status":"publish","type":"page","link":"http:\/\/www.auputeret.ch\/?page_id=141","title":{"rendered":"Autonomie"},"content":{"rendered":"<p><strong>Installations:\u00a0<\/strong><\/p>\n<p>Eau potable: La ferme est aliment\u00e9e par une source qui se trouve \u00e0 200 m\u00e8tres de l\u2018habitation. Un reservoir de 90\u2018000 litres permet de passer une p\u00e9riode s\u00e8che.<\/p>\n<p>Eau us\u00e9e: Une fosse s\u00e9ptique fait l\u2018\u00e9puration des eaux us\u00e9es.<\/p>\n<p>Chauffage: Chauffage central \u00e0 bois avec une chaudi\u00e8re pour b\u00fbches d\u2018un m\u00e8tre et un accumulateur de 5720 l.<\/p>\n<p>Eau chaude: 20 m2 de panneaux thermiques chauffent notre eau en \u00e9t\u00e9, l\u2018hiver le chauffage \u00e0 bois aide, s&rsquo;il n&rsquo;y a pas assez de soleil.<\/p>\n<p>Electricit\u00e9: 480 m2 de cellules photovolta\u00efques produisent du courant pour 20 m\u00e9nages moyens. Le courant sert aussi \u00e0 charger l\u2018accu de notre voiture \u00e9lectrique Ampera E. Nous avons investi dans une centrale photovolta\u00efque de 1600 m2 \u00e0 Derri\u00e8re-Pertuis. Le site \u00ab\u00a0www.manegedusoleil.ch\u00a0\u00bb vous renseigne sur les productions mensuelles.<\/p>\n<p>A part le r\u00e9seau \u00e9lectrique qui nous fait la balance entre la production et la consommation, la ligne t\u00e9l\u00e9phonique et quelques aliments on est compl\u00e8tement ind\u00e9pendant et vivons en autarcie.<\/p>\n<h2>Albums de fotos<\/h2>\n<div class=\"rgg-container\" data-rgg-id=\"2\">    <div class=\"rgg-imagegrid captions-title captions-effect-none \" data-rgg-id=\"2\">\n                    <a href=\"http:\/\/www.auputeret.ch\/?page_id=331\" data-rel=\"rgg\" rel=\"rgg\" title=\"\" class=\"rgg-disabled size-medium rgg-img no-lightbox\" data-src=\"http:\/\/www.auputeret.ch\/wp-content\/uploads\/2014\/08\/DSCN1885-2-300x300.jpg\" data-ratio=\"1\" data-height=\"300\" data-width=\"300\" aria-label=\"\" target=\"_self\">\n                            <\/a>\n                    <a href=\"http:\/\/www.auputeret.ch\/?page_id=329\" data-rel=\"rgg\" rel=\"rgg\" title=\"\" class=\"rgg-disabled size-medium rgg-img no-lightbox\" data-src=\"http:\/\/www.auputeret.ch\/wp-content\/uploads\/2014\/08\/P1000901-2-300x300.jpg\" data-ratio=\"1\" data-height=\"300\" data-width=\"300\" aria-label=\"\" target=\"_self\">\n                            <\/a>\n                    <a href=\"http:\/\/www.auputeret.ch\/?page_id=333\" data-rel=\"rgg\" rel=\"rgg\" title=\"\" class=\"rgg-disabled size-medium rgg-img no-lightbox\" data-src=\"http:\/\/www.auputeret.ch\/wp-content\/uploads\/2014\/08\/DSCN1617-2-300x300.jpg\" data-ratio=\"1\" data-height=\"300\" data-width=\"300\" aria-label=\"\" target=\"_self\">\n                            <\/a>\n            <\/div>\n<\/div>\n","protected":false},"excerpt":{"rendered":"<p>Installations:\u00a0 Eau potable: La ferme est aliment\u00e9e par une source qui se trouve \u00e0 200 [&hellip;]<\/p>\n","protected":false},"author":1,"featured_media":0,"parent":0,"menu_order":0,"comment_status":"open","ping_status":"open","template":"","meta":{"footnotes":""},"class_list":["post-141","page","type-page","status-publish","hentry"],"_links":{"self":[{"href":"http:\/\/www.auputeret.ch\/index.php?rest_route=\/wp\/v2\/pages\/141","targetHints":{"allow":["GET"]}}],"collection":[{"href":"http:\/\/www.auputeret.ch\/index.php?rest_route=\/wp\/v2\/pages"}],"about":[{"href":"http:\/\/www.auputeret.ch\/index.php?rest_route=\/wp\/v2\/types\/page"}],"author":[{"embeddable":true,"href":"http:\/\/www.auputeret.ch\/index.php?rest_route=\/wp\/v2\/users\/1"}],"replies":[{"embeddable":true,"href":"http:\/\/www.auputeret.ch\/index.php?rest_route=%2Fwp%2Fv2%2Fcomments&post=141"}],"version-history":[{"count":8,"href":"http:\/\/www.auputeret.ch\/index.php?rest_route=\/wp\/v2\/pages\/141\/revisions"}],"predecessor-version":[{"id":619,"href":"http:\/\/www.auputeret.ch\/index.php?rest_route=\/wp\/v2\/pages\/141\/revisions\/619"}],"wp:attachment":[{"href":"http:\/\/www.auputeret.ch\/index.php?rest_route=%2Fwp%2Fv2%2Fmedia&parent=141"}],"curies":[{"name":"wp","href":"https:\/\/api.w.org\/{rel}","templated":true}]}}