{"id":143,"date":"2014-08-15T13:34:32","date_gmt":"2014-08-15T12:34:32","guid":{"rendered":"http:\/\/www.auputeret.ch\/?page_id=143"},"modified":"2014-08-27T21:34:05","modified_gmt":"2014-08-27T19:34:05","slug":"acces","status":"publish","type":"page","link":"http:\/\/www.auputeret.ch\/?page_id=143","title":{"rendered":"Acc\u00e8s"},"content":{"rendered":"<div id=\"pl-143\"  class=\"panel-layout\" ><div id=\"pg-143-0\"  class=\"panel-grid panel-no-style\" ><div id=\"pgc-143-0-0\"  class=\"panel-grid-cell\" ><div id=\"panel-143-0-0-0\" class=\"so-panel widget widget_black-studio-tinymce widget_black_studio_tinymce panel-first-child\" data-index=\"0\" ><div class=\"textwidget\"><p><br \/>transports publics: gare Les Hauts-Geneveys, bus jusqu\u2018\u00e0 Ch\u00e9zard-Saint-Martin ou Dombresson, 1 heure \u00e0 pied.<br \/>en auto: A Neuch\u00e2tel prendre en direction de la Chaux-de-Fonds jusqu\u2018\u00e0 la sortie \u201eFontainemelon\u201c (10 km). Tourner \u00e0 droite, descendre \u00e0 Cernier puis Ch\u00e9zard-Saint-Martin (2 km). Prendre \u00e0 gauche (indicateur \u201eLes Vieux-Pr\u00e9s\u201c) et monter jusqu\u2018au panneau de l\u2018ancien restaurant \u201eLes Vieux-Pr\u00e9s\u201c (5 km). Continuer \u00e0 droite et prendre apr\u00e8s 500 m le chemin (goudronn\u00e9) \u00e0 gauche qui monte \u00e0 la ferme avec la fa\u00e7ade en m\u00e9l\u00e8ze.<\/p><\/div><\/div><div id=\"panel-143-0-0-1\" class=\"so-panel widget widget_text panel-last-child\" data-index=\"1\" >\t\t\t<div class=\"textwidget\"><iframe src=\"https:\/\/www.google.com\/maps\/embed?pb=!1m18!1m12!1m3!1d3898.122959545219!2d6.932189799999988!3d47.08614650000002!2m3!1f0!2f0!3f0!3m2!1i1024!2i768!4f13.1!3m3!1m2!1s0x478dfd54760240b7%3A0x3c88f7c4d922ca9!2sLe+Putret+2%2C+2054+Dombresson!5e1!3m2!1sfr!2sch!4v1409167977833\" frameborder=\"0\" style=\"border:0\"><\/iframe><\/div>\n\t\t<\/div><\/div><\/div><\/div>","protected":false},"excerpt":{"rendered":"<p>transports publics: gare Les Hauts-Geneveys, bus jusqu\u2018\u00e0 Ch\u00e9zard-Saint-Martin ou Dombresson, 1 heure \u00e0 pied.en auto: [&hellip;]<\/p>\n","protected":false},"author":1,"featured_media":0,"parent":0,"menu_order":0,"comment_status":"open","ping_status":"open","template":"","meta":{"footnotes":""},"class_list":["post-143","page","type-page","status-publish","hentry"],"_links":{"self":[{"href":"http:\/\/www.auputeret.ch\/index.php?rest_route=\/wp\/v2\/pages\/143","targetHints":{"allow":["GET"]}}],"collection":[{"href":"http:\/\/www.auputeret.ch\/index.php?rest_route=\/wp\/v2\/pages"}],"about":[{"href":"http:\/\/www.auputeret.ch\/index.php?rest_route=\/wp\/v2\/types\/page"}],"author":[{"embeddable":true,"href":"http:\/\/www.auputeret.ch\/index.php?rest_route=\/wp\/v2\/users\/1"}],"replies":[{"embeddable":true,"href":"http:\/\/www.auputeret.ch\/index.php?rest_route=%2Fwp%2Fv2%2Fcomments&post=143"}],"version-history":[{"count":3,"href":"http:\/\/www.auputeret.ch\/index.php?rest_route=\/wp\/v2\/pages\/143\/revisions"}],"predecessor-version":[{"id":350,"href":"http:\/\/www.auputeret.ch\/index.php?rest_route=\/wp\/v2\/pages\/143\/revisions\/350"}],"wp:attachment":[{"href":"http:\/\/www.auputeret.ch\/index.php?rest_route=%2Fwp%2Fv2%2Fmedia&parent=143"}],"curies":[{"name":"wp","href":"https:\/\/api.w.org\/{rel}","templated":true}]}}