{"id":148,"date":"2014-08-15T13:41:06","date_gmt":"2014-08-15T11:41:06","guid":{"rendered":"http:\/\/www.auputeret.ch\/?page_id=148"},"modified":"2020-11-03T16:08:03","modified_gmt":"2020-11-03T15:08:03","slug":"vente-de-chevres-boers-delevage","status":"publish","type":"page","link":"http:\/\/www.auputeret.ch\/?page_id=148","title":{"rendered":"Vente de ch\u00e8vres boer d&rsquo;\u00e9levage"},"content":{"rendered":"<p>Nous avons tout le temps de tr\u00e8s belles chevrettes d&rsquo;\u00e9levage \u00e0 vendre. Il y a souvent beaucoup de choix, comme chaque ann\u00e9e il y a env. 40 chevrettes qui naissent.<\/p>\n<p>On fait l&rsquo;\u00e9levage avec pointage des m\u00e8res et l&rsquo;\u00e9preuve nourricier sur les cabris.<\/p>\n<h3>Notre credo: bio &#8211; pas un gramme de concentr\u00e9 &#8211; b\u00eates habitu\u00e9es au p\u00e2turage.<\/h3>\n<p><img loading=\"lazy\" decoding=\"async\" class=\"alignnone size-large wp-image-568\" src=\"http:\/\/www.auputeret.ch\/wp-content\/uploads\/2019\/05\/UNADJUSTEDNONRAW_thumb_3e4a-1024x768.jpg\" alt=\"\" width=\"930\" height=\"698\" srcset=\"http:\/\/www.auputeret.ch\/wp-content\/uploads\/2019\/05\/UNADJUSTEDNONRAW_thumb_3e4a.jpg 1024w, http:\/\/www.auputeret.ch\/wp-content\/uploads\/2019\/05\/UNADJUSTEDNONRAW_thumb_3e4a-300x225.jpg 300w, http:\/\/www.auputeret.ch\/wp-content\/uploads\/2019\/05\/UNADJUSTEDNONRAW_thumb_3e4a-768x576.jpg 768w\" sizes=\"auto, (max-width: 930px) 100vw, 930px\" \/><\/p>\n<p><img loading=\"lazy\" decoding=\"async\" class=\"alignnone size-large wp-image-573\" src=\"http:\/\/www.auputeret.ch\/wp-content\/uploads\/2019\/05\/UNADJUSTEDNONRAW_thumb_3df5-1024x768.jpg\" alt=\"\" width=\"930\" height=\"698\" srcset=\"http:\/\/www.auputeret.ch\/wp-content\/uploads\/2019\/05\/UNADJUSTEDNONRAW_thumb_3df5.jpg 1024w, http:\/\/www.auputeret.ch\/wp-content\/uploads\/2019\/05\/UNADJUSTEDNONRAW_thumb_3df5-300x225.jpg 300w, http:\/\/www.auputeret.ch\/wp-content\/uploads\/2019\/05\/UNADJUSTEDNONRAW_thumb_3df5-768x576.jpg 768w\" sizes=\"auto, (max-width: 930px) 100vw, 930px\" \/><\/p>\n<p><img loading=\"lazy\" decoding=\"async\" class=\"alignnone size-large wp-image-286\" src=\"http:\/\/www.auputeret.ch\/wp-content\/uploads\/2014\/08\/P1030370-928x1024.jpg\" alt=\"\" width=\"928\" height=\"1024\" srcset=\"http:\/\/www.auputeret.ch\/wp-content\/uploads\/2014\/08\/P1030370-928x1024.jpg 928w, http:\/\/www.auputeret.ch\/wp-content\/uploads\/2014\/08\/P1030370-272x300.jpg 272w, http:\/\/www.auputeret.ch\/wp-content\/uploads\/2014\/08\/P1030370.jpg 1024w\" sizes=\"auto, (max-width: 928px) 100vw, 928px\" \/><\/p>\n<p><strong>\u00a0<\/strong><\/p>\n","protected":false},"excerpt":{"rendered":"<p>Nous avons tout le temps de tr\u00e8s belles chevrettes d&rsquo;\u00e9levage \u00e0 vendre. Il y a [&hellip;]<\/p>\n","protected":false},"author":1,"featured_media":0,"parent":0,"menu_order":0,"comment_status":"open","ping_status":"closed","template":"","meta":{"footnotes":""},"class_list":["post-148","page","type-page","status-publish","hentry"],"_links":{"self":[{"href":"http:\/\/www.auputeret.ch\/index.php?rest_route=\/wp\/v2\/pages\/148","targetHints":{"allow":["GET"]}}],"collection":[{"href":"http:\/\/www.auputeret.ch\/index.php?rest_route=\/wp\/v2\/pages"}],"about":[{"href":"http:\/\/www.auputeret.ch\/index.php?rest_route=\/wp\/v2\/types\/page"}],"author":[{"embeddable":true,"href":"http:\/\/www.auputeret.ch\/index.php?rest_route=\/wp\/v2\/users\/1"}],"replies":[{"embeddable":true,"href":"http:\/\/www.auputeret.ch\/index.php?rest_route=%2Fwp%2Fv2%2Fcomments&post=148"}],"version-history":[{"count":16,"href":"http:\/\/www.auputeret.ch\/index.php?rest_route=\/wp\/v2\/pages\/148\/revisions"}],"predecessor-version":[{"id":679,"href":"http:\/\/www.auputeret.ch\/index.php?rest_route=\/wp\/v2\/pages\/148\/revisions\/679"}],"wp:attachment":[{"href":"http:\/\/www.auputeret.ch\/index.php?rest_route=%2Fwp%2Fv2%2Fmedia&parent=148"}],"curies":[{"name":"wp","href":"https:\/\/api.w.org\/{rel}","templated":true}]}}