{"id":331,"date":"2014-08-27T17:39:59","date_gmt":"2014-08-27T15:39:59","guid":{"rendered":"http:\/\/www.auputeret.ch\/?page_id=331"},"modified":"2014-08-27T17:41:38","modified_gmt":"2014-08-27T15:41:38","slug":"chauffage-eau-chaude","status":"publish","type":"page","link":"http:\/\/www.auputeret.ch\/?page_id=331","title":{"rendered":"Chauffage \/ Eau chaude"},"content":{"rendered":"<p>&nbsp;<\/p>\n<!-- Final Tiles Grid Gallery for WordPress v3.6.13 free --><style>#ftg-1818 .tile .icon { color:#ffffff; }#ftg-1818 .ftg-items .loading-bar i { background:#666; }#ftg-1818 .ftg-items .loading-bar { background:#fff; }#ftg-1818 .tile .icon { font-size:12px; }#ftg-1818 .tile .icon { margin: -6px 0 0 -6px; }#ftg-1818 .tile .caption-block .text-wrapper span.text { font-size:15px; }#ftg-1818 .tile .caption-outside .text-wrapper span.text { font-size:15px; }#ftg-1818 .tile .caption-block .text-wrapper span.title { font-size:14px; }#ftg-1818 .tile .caption-outside .text-wrapper span.title { font-size:14px; }#ftg-1818 .tile { background-color: transparent; }#ftg-1818 .tile .caption-block .text-wrapper span.text { color: #ffffff; }#ftg-1818 .tile .caption-block .text-wrapper span.title { color: #ffffff; }#ftg-1818 .tile .caption-outside .text-wrapper span.text { color: #ffffff; }#ftg-1818 .tile .caption-outside .text-wrapper span.title { color: #ffffff; }#ftg-1818 .tile .ftg-social a { color: #ffffff; }#ftg-1818 .tile .caption-block { transition-timing-function:ease; }#ftg-1818 .tile .caption-block { transition-duration:0.25s; }#ftg-1818 .tile .tile-inner:before { background-color: #000000; }#ftg-1818 .tile .tile-inner:before { background-color: rgba(0, 0, 0, 0.8); }#ftg-1818 .tile:hover img {-moz-transform: ;-webkit-transform: ;-o-transform: ;-ms-transform: ;transform: ;}<\/style><a name=\"18\"><\/a><div class=\"final-tiles-gallery  ftg-hover-enabled caption-inside  caption-none caption-middle caption-center\" id=\"ftg-1818\" style=\"width: \"><div class='ftg-items'><div class='loading-bar'><i><\/i><\/div><div  class='tile ftg-preload  '><a title=\"Panneaux thermiques\" data-lightbox='ftg-1818' rel='ftg-1818' target='default' class=' tile-inner  ftg-lightbox' href='http:\/\/www.auputeret.ch\/wp-content\/uploads\/2014\/08\/P1010058-1024x768.jpg' ><img alt='Panneaux thermiques' class='item skip-lazy' data-class='item' data-ftg-source='http:\/\/www.auputeret.ch\/wp-content\/uploads\/2014\/08\/P1010058-1024x768.jpg' src='http:\/\/www.auputeret.ch\/wp-content\/uploads\/2014\/08\/P1010058-1024x768.jpg' width='930' height='698' \/><div class='caption-block'><div class='text-wrapper'><span class='text'>Panneaux thermiques<\/span><\/div><\/div><\/a><div class='ftg-social'><\/div><\/div><div  class='tile ftg-preload  '><a title=\"R\u00e9serve de bois\" data-lightbox='ftg-1818' rel='ftg-1818' target='default' class=' tile-inner  ftg-lightbox' href='http:\/\/www.auputeret.ch\/wp-content\/uploads\/2014\/08\/DSCN1885.jpg' ><img alt='R\u00e9serve de bois' class='item skip-lazy' data-class='item' data-ftg-source='http:\/\/www.auputeret.ch\/wp-content\/uploads\/2014\/08\/DSCN1885.jpg' src='http:\/\/www.auputeret.ch\/wp-content\/uploads\/2014\/08\/DSCN1885.jpg' width='768' height='1024' \/><div class='caption-block'><div class='text-wrapper'><span class='text'>R\u00e9serve de bois<\/span><\/div><\/div><\/a><div class='ftg-social'><\/div><\/div><div  class='tile ftg-preload  '><a title=\"Chaudi\u00e8re \u00e0 b\u00fbches d&#039;un m\u00e8tre\" data-lightbox='ftg-1818' rel='ftg-1818' target='default' class=' tile-inner  ftg-lightbox' href='http:\/\/www.auputeret.ch\/wp-content\/uploads\/2014\/08\/P1010055-1024x768.jpg' ><img alt='Chaudi\u00e8re \u00e0 b\u00fbches d&#039;un m\u00e8tre' class='item skip-lazy' data-class='item' data-ftg-source='http:\/\/www.auputeret.ch\/wp-content\/uploads\/2014\/08\/P1010055-1024x768.jpg' src='http:\/\/www.auputeret.ch\/wp-content\/uploads\/2014\/08\/P1010055-1024x768.jpg' width='930' height='698' \/><div class='caption-block'><div class='text-wrapper'><span class='text'>Chaudi\u00e8re \u00e0 b\u00fbches d'un m\u00e8tre<\/span><\/div><\/div><\/a><div class='ftg-social'><\/div><\/div><\/div><\/div>\n","protected":false},"excerpt":{"rendered":"<p>&nbsp;<\/p>\n","protected":false},"author":1,"featured_media":0,"parent":0,"menu_order":0,"comment_status":"open","ping_status":"open","template":"","meta":{"footnotes":""},"class_list":["post-331","page","type-page","status-publish","hentry"],"_links":{"self":[{"href":"http:\/\/www.auputeret.ch\/index.php?rest_route=\/wp\/v2\/pages\/331","targetHints":{"allow":["GET"]}}],"collection":[{"href":"http:\/\/www.auputeret.ch\/index.php?rest_route=\/wp\/v2\/pages"}],"about":[{"href":"http:\/\/www.auputeret.ch\/index.php?rest_route=\/wp\/v2\/types\/page"}],"author":[{"embeddable":true,"href":"http:\/\/www.auputeret.ch\/index.php?rest_route=\/wp\/v2\/users\/1"}],"replies":[{"embeddable":true,"href":"http:\/\/www.auputeret.ch\/index.php?rest_route=%2Fwp%2Fv2%2Fcomments&post=331"}],"version-history":[{"count":2,"href":"http:\/\/www.auputeret.ch\/index.php?rest_route=\/wp\/v2\/pages\/331\/revisions"}],"predecessor-version":[{"id":593,"href":"http:\/\/www.auputeret.ch\/index.php?rest_route=\/wp\/v2\/pages\/331\/revisions\/593"}],"wp:attachment":[{"href":"http:\/\/www.auputeret.ch\/index.php?rest_route=%2Fwp%2Fv2%2Fmedia&parent=331"}],"curies":[{"name":"wp","href":"https:\/\/api.w.org\/{rel}","templated":true}]}}